{"id":8370,"date":"2025-06-09T19:20:29","date_gmt":"2025-06-09T19:20:29","guid":{"rendered":"https:\/\/petglow.us\/?post_type=product&#038;p=8370"},"modified":"2025-09-03T15:18:56","modified_gmt":"2025-09-03T15:18:56","slug":"christmas-collar-collection-06","status":"publish","type":"product","link":"https:\/\/petglow.us\/?product=christmas-collar-collection-06","title":{"rendered":"Christmas Collar Collection 01"},"content":{"rendered":"<p><span dir=\"auto\" style=\"vertical-align: inherit\"><span dir=\"auto\" style=\"vertical-align: inherit\">\u00a1Difunde alegr\u00eda navide\u00f1a con cada meneo y ronroneo usando nuestra encantadora colecci\u00f3n de collares navide\u00f1os! Dise\u00f1ados para llevar la magia de la temporada a tu querida mascota, estos collares presentan una encantadora variedad de patrones festivos inspirados en la \u00e9poca m\u00e1s maravillosa del a\u00f1o: piensa en el alegre Pap\u00e1 Noel, los renos juguetones, los copos de nieve brillantes, los cl\u00e1sicos bastones de caramelo y los rojos y verdes vibrantes. Cada pieza est\u00e1 dise\u00f1ada para brindar comodidad y durabilidad, lo que garantiza que tu amigo peludo se vea adorablemente festivo para todas tus celebraciones navide\u00f1as y momentos alegres. <\/span><\/span><br \/>\n<span dir=\"auto\" style=\"vertical-align: inherit\"><span dir=\"auto\" style=\"vertical-align: inherit\">Caracter\u00edsticas principales: <\/span><\/span><br \/>\n<span dir=\"auto\" style=\"vertical-align: inherit\"><span dir=\"auto\" style=\"vertical-align: inherit\">Encantadores dise\u00f1os navide\u00f1os: Adornados con patrones festivos como Pap\u00e1 Noel, renos, copos de nieve, bastones de caramelo, mu\u00e9rdago y colores navide\u00f1os cl\u00e1sicos para capturar el esp\u00edritu de la temporada. <\/span><\/span><br \/>\n<span dir=\"auto\" style=\"vertical-align: inherit\"><span dir=\"auto\" style=\"vertical-align: inherit\">Estilo festivo instant\u00e1neo: Perfecto para fiestas navide\u00f1as, sesiones de fotos navide\u00f1as, reuniones familiares o simplemente para agregar un toque alegre a los paseos diarios. <\/span><\/span><br \/>\n<span dir=\"auto\" style=\"vertical-align: inherit\"><span dir=\"auto\" style=\"vertical-align: inherit\">C\u00f3modo y duradero: Hecho de materiales suaves y de alta calidad que son delicados con el pelaje de tu mascota y al mismo tiempo garantizan un uso duradero durante la temporada navide\u00f1a. <\/span><\/span><br \/>\n<span dir=\"auto\" style=\"vertical-align: inherit\"><span dir=\"auto\" style=\"vertical-align: inherit\">Ajuste seguro y ajustable: equipado con una hebilla resistente y una correa ajustable para un ajuste confiable y c\u00f3modo tanto para perros como para gatos (las versiones para gatos incluyen una hebilla especial para cara de gato para mayor seguridad).<\/span><\/span><\/p>\n","protected":false},"excerpt":{"rendered":"<p>\u00a1Difunde alegr\u00eda navide\u00f1a con cada meneo y ronroneo usando nuestra encantadora colecci\u00f3n de collares navide\u00f1os! Dise\u00f1ados para llevar la magia de la temporada a tu querida mascota, estos collares presentan una encantadora variedad de patrones festivos inspirados en la \u00e9poca m\u00e1s maravillosa del a\u00f1o: piensa en el alegre Pap\u00e1 Noel, los renos juguetones, los copos [&hellip;]<\/p>\n","protected":false},"featured_media":12810,"comment_status":"closed","ping_status":"closed","template":"","meta":[],"product_brand":[],"product_cat":[83,50,93],"product_tag":[],"class_list":{"0":"post-8370","1":"product","2":"type-product","3":"status-publish","4":"has-post-thumbnail","6":"product_cat-acrylic","7":"product_cat-collars","8":"product_cat-holiday","9":"product_shipping_class-envelope","11":"first","12":"instock","13":"shipping-taxable","14":"purchasable","15":"product-type-variable"},"_links":{"self":[{"href":"https:\/\/petglow.us\/index.php?rest_route=\/wp\/v2\/product\/8370","targetHints":{"allow":["GET"]}}],"collection":[{"href":"https:\/\/petglow.us\/index.php?rest_route=\/wp\/v2\/product"}],"about":[{"href":"https:\/\/petglow.us\/index.php?rest_route=\/wp\/v2\/types\/product"}],"replies":[{"embeddable":true,"href":"https:\/\/petglow.us\/index.php?rest_route=%2Fwp%2Fv2%2Fcomments&post=8370"}],"wp:featuredmedia":[{"embeddable":true,"href":"https:\/\/petglow.us\/index.php?rest_route=\/wp\/v2\/media\/12810"}],"wp:attachment":[{"href":"https:\/\/petglow.us\/index.php?rest_route=%2Fwp%2Fv2%2Fmedia&parent=8370"}],"wp:term":[{"taxonomy":"product_brand","embeddable":true,"href":"https:\/\/petglow.us\/index.php?rest_route=%2Fwp%2Fv2%2Fproduct_brand&post=8370"},{"taxonomy":"product_cat","embeddable":true,"href":"https:\/\/petglow.us\/index.php?rest_route=%2Fwp%2Fv2%2Fproduct_cat&post=8370"},{"taxonomy":"product_tag","embeddable":true,"href":"https:\/\/petglow.us\/index.php?rest_route=%2Fwp%2Fv2%2Fproduct_tag&post=8370"}],"curies":[{"name":"wp","href":"https:\/\/api.w.org\/{rel}","templated":true}]}}